{"id":14,"date":"2023-03-16T15:55:03","date_gmt":"2023-03-16T14:55:03","guid":{"rendered":"https:\/\/www.zahadyazajimavosti.cz\/?page_id=14"},"modified":"2023-03-17T15:07:15","modified_gmt":"2023-03-17T14:07:15","slug":"kontakt","status":"publish","type":"page","link":"https:\/\/www.zahadyazajimavosti.cz\/index.php\/kontakt\/","title":{"rendered":"Kontakt"},"content":{"rendered":"\r\n<p><strong>On-line zpravodaj Klubu psychotroniky a UFO. z.s. (KPUFO)<\/strong><\/p>\r\n<p>P\u016fvodn\u011b ti\u0161t\u011bn\u00fd \u010dasopis <strong>Klubu psychotroniky a UFO (KPUFO)<\/strong>, vznikl ji\u017e roku <strong>1992<\/strong> jako <strong>Z\u00e1pado\u010desk\u00fd archeoastronautick\u00fd zpravodaj (ZAZ).<\/strong><\/p>\r\n<p>\r\n\r\n<\/p>\r\n<p>Od roku <strong>1997<\/strong> <strong>&#8211; Z\u00e1hady a zaj\u00edmavosti &#8211; ZAZ<\/strong>.<\/p>\r\n<p>\r\n\r\n<\/p>\r\n<figure class=\"wp-block-image aligncenter size-full is-resized\"><img loading=\"lazy\" decoding=\"async\" class=\"wp-image-55 aligncenter\" src=\"https:\/\/www.zahadyazajimavosti.cz\/wp-content\/uploads\/2023\/03\/zaz2011.jpg\" alt=\"\" width=\"130\" height=\"197\" \/><\/figure>\r\n<p>\r\n\r\n<\/p>\r\n<p>Od roku <strong>2012 <\/strong>e-zin.<\/p>\r\n<p>\r\n\r\n<\/p>\r\n<p>Obsahuje soubory zcela p\u016fvodn\u00edch \u010dl\u00e1nk\u016f od zn\u00e1m\u00fdch i zcela nezn\u00e1m\u00fdch badatel\u016f, i ty materi\u00e1ly, kter\u00e9 nikde jinde nebyly publikov\u00e1ny.<\/p>\r\n<p>\r\n\r\n<\/p>\r\n<p>P\u0159ehled a obsahy ti\u0161t\u011bn\u00fdch \u010d\u00edsel <a href=\"https:\/\/kpufo.cz\/knihy\/zaz.htm\" target=\"_blank\" rel=\"noreferrer noopener\" data-type=\"URL\" data-id=\"https:\/\/kpufo.cz\/knihy\/zaz.htm\"><strong>zde<\/strong><\/a><\/p>\r\n\r\n\r\n\r\n<p class=\"has-text-align-center has-black-color has-white-background-color has-text-color has-background\">\u00a9 Klub psychotroniky a UFO, z.s. (KPUFO)\u00ae<br \/>Borsk\u00e1 19, Hotel Victoria, Plze\u0148<br \/>CZ 320 22<br \/>I\u010cO: 45334871<br \/>E-mail: <a href=\"mailto:kpufo@kpufo.cz\" target=\"_blank\" rel=\"noreferrer noopener\">kpufo@kpufo.cz<\/a><br \/>IDS: wa7gbw3<br \/>Bankovn\u00ed spojen\u00ed: Equa Bank, \u010d.\u00fa.: 8293894971\/6100<\/p>\r\n<p class=\"has-text-align-center has-black-color has-white-background-color has-text-color has-background\">Web: <a href=\"http:\/\/www.kpufo.cz\" target=\"_blank\" rel=\"noopener\">KPUFO.CZ<\/a>, <a href=\"http:\/\/www.kpufo.eu\" target=\"_blank\" rel=\"noopener\">KPUFO.EU<\/a><br \/>Facebook: <a href=\"https:\/\/www.facebook.com\/profile.php?id=100035421117049\" target=\"_blank\" rel=\"noreferrer noopener\">https:\/\/www.facebook.com\/profile.php?id=100035421117049<\/a><br \/>YouTube: <a href=\"https:\/\/www.youtube.com\/@KPUFOeu\" target=\"_blank\" rel=\"noreferrer noopener\">https:\/\/www.youtube.com\/@KPUFOeu<\/a><\/p>\r\n\r\n\r\n\r\n<p class=\"has-text-align-center\"><img loading=\"lazy\" decoding=\"async\" width=\"400\" height=\"400\" class=\"wp-image-72 aligncenter\" style=\"width: 400px;\" src=\"https:\/\/www.zahadyazajimavosti.cz\/wp-content\/uploads\/2023\/03\/kpufo_1.jpg\" alt=\"\" srcset=\"https:\/\/www.zahadyazajimavosti.cz\/wp-content\/uploads\/2023\/03\/kpufo_1.jpg 945w, https:\/\/www.zahadyazajimavosti.cz\/wp-content\/uploads\/2023\/03\/kpufo_1-300x300.jpg 300w, https:\/\/www.zahadyazajimavosti.cz\/wp-content\/uploads\/2023\/03\/kpufo_1-150x150.jpg 150w, https:\/\/www.zahadyazajimavosti.cz\/wp-content\/uploads\/2023\/03\/kpufo_1-768x768.jpg 768w\" sizes=\"auto, (max-width: 400px) 100vw, 400px\" \/><\/p>\r\n","protected":false},"excerpt":{"rendered":"<p>On-line zpravodaj Klubu psychotroniky a UFO. z.s. (KPUFO) P\u016fvodn\u011b ti\u0161t\u011bn\u00fd \u010dasopis Klubu psychotroniky a UFO (KPUFO), vznikl ji\u017e roku 1992<\/p>\n","protected":false},"author":1,"featured_media":0,"parent":0,"menu_order":0,"comment_status":"closed","ping_status":"closed","template":"page-templates\/contact.php","meta":{"footnotes":""},"class_list":["post-14","page","type-page","status-publish","hentry"],"_links":{"self":[{"href":"https:\/\/www.zahadyazajimavosti.cz\/index.php\/wp-json\/wp\/v2\/pages\/14","targetHints":{"allow":["GET"]}}],"collection":[{"href":"https:\/\/www.zahadyazajimavosti.cz\/index.php\/wp-json\/wp\/v2\/pages"}],"about":[{"href":"https:\/\/www.zahadyazajimavosti.cz\/index.php\/wp-json\/wp\/v2\/types\/page"}],"author":[{"embeddable":true,"href":"https:\/\/www.zahadyazajimavosti.cz\/index.php\/wp-json\/wp\/v2\/users\/1"}],"replies":[{"embeddable":true,"href":"https:\/\/www.zahadyazajimavosti.cz\/index.php\/wp-json\/wp\/v2\/comments?post=14"}],"version-history":[{"count":6,"href":"https:\/\/www.zahadyazajimavosti.cz\/index.php\/wp-json\/wp\/v2\/pages\/14\/revisions"}],"predecessor-version":[{"id":95,"href":"https:\/\/www.zahadyazajimavosti.cz\/index.php\/wp-json\/wp\/v2\/pages\/14\/revisions\/95"}],"wp:attachment":[{"href":"https:\/\/www.zahadyazajimavosti.cz\/index.php\/wp-json\/wp\/v2\/media?parent=14"}],"curies":[{"name":"wp","href":"https:\/\/api.w.org\/{rel}","templated":true}]}}